{"id":65,"date":"2017-09-08T07:51:11","date_gmt":"2017-09-08T05:51:11","guid":{"rendered":"https:\/\/gehl.komarch.sk\/?page_id=65"},"modified":"2026-03-17T12:10:03","modified_gmt":"2026-03-17T10:10:03","slug":"kalkulacka","status":"publish","type":"page","link":"https:\/\/gbs.komarch.sk\/index.php\/kalkulacka\/","title":{"rendered":"Kalkula\u010dka"},"content":{"rendered":"<p style=\"font-size:16px\">Na pr\u00edstup do tejto str\u00e1nky mus\u00edte by\u0165 prihl\u00e1sen\u00ed<\/p><p style=\"font-size:16px\"><a href= https:\/\/gbs.komarch.sk\/wp-login.php?redirect_to=https%3A%2F%2Fgbs.komarch.sk%2Findex.php%2Fkalkulacka%2F title=\"Prihl\u00e1senie\">Prihl\u00e1senie<\/a><\/p>\n","protected":false},"excerpt":{"rendered":"<p> [&#8230;]<\/p>\n<p><a class=\"btn btn-secondary understrap-read-more-link\" href=\"https:\/\/gbs.komarch.sk\/index.php\/kalkulacka\/\">\u010c\u00edta\u0165 viac&#8230;<span class=\"screen-reader-text\"> from Kalkula\u010dka<\/span><\/a><\/p>\n","protected":false},"author":22,"featured_media":0,"parent":0,"menu_order":0,"comment_status":"closed","ping_status":"closed","template":"","meta":{"footnotes":""},"class_list":["post-65","page","type-page","status-publish","hentry"],"_links":{"self":[{"href":"https:\/\/gbs.komarch.sk\/index.php\/wp-json\/wp\/v2\/pages\/65","targetHints":{"allow":["GET"]}}],"collection":[{"href":"https:\/\/gbs.komarch.sk\/index.php\/wp-json\/wp\/v2\/pages"}],"about":[{"href":"https:\/\/gbs.komarch.sk\/index.php\/wp-json\/wp\/v2\/types\/page"}],"author":[{"embeddable":true,"href":"https:\/\/gbs.komarch.sk\/index.php\/wp-json\/wp\/v2\/users\/22"}],"replies":[{"embeddable":true,"href":"https:\/\/gbs.komarch.sk\/index.php\/wp-json\/wp\/v2\/comments?post=65"}],"version-history":[{"count":11,"href":"https:\/\/gbs.komarch.sk\/index.php\/wp-json\/wp\/v2\/pages\/65\/revisions"}],"predecessor-version":[{"id":205,"href":"https:\/\/gbs.komarch.sk\/index.php\/wp-json\/wp\/v2\/pages\/65\/revisions\/205"}],"wp:attachment":[{"href":"https:\/\/gbs.komarch.sk\/index.php\/wp-json\/wp\/v2\/media?parent=65"}],"curies":[{"name":"wp","href":"https:\/\/api.w.org\/{rel}","templated":true}]}}