{"id":7,"date":"2015-09-21T07:18:46","date_gmt":"2015-09-21T05:18:46","guid":{"rendered":"https:\/\/gehl.komarch.sk\/?page_id=7"},"modified":"2026-03-17T12:10:25","modified_gmt":"2026-03-17T10:10:25","slug":"pozicia","status":"publish","type":"page","link":"https:\/\/gbs.komarch.sk\/","title":{"rendered":"Poz\u00edcia"},"content":{"rendered":"<div class=\"alert alert-danger\" role=\"alert\">Na pr\u00edstup do tejto str\u00e1nky mus\u00edte by\u0165 prihl\u00e1sen\u00ed<\/div><div class=\"alert alert-danger\" role=\"alert\"><a href= https:\/\/gbs.komarch.sk\/wp-login.php?redirect_to=https%3A%2F%2Fgbs.komarch.sk%2F title=\"Prihl\u00e1senie\">Prihl\u00e1senie<\/a><\/div>\n","protected":false},"excerpt":{"rendered":"<p> [&#8230;]<\/p>\n<p><a class=\"btn btn-secondary understrap-read-more-link\" href=\"https:\/\/gbs.komarch.sk\/\">\u010c\u00edta\u0165 viac&#8230;<span class=\"screen-reader-text\"> from Poz\u00edcia<\/span><\/a><\/p>\n","protected":false},"author":22,"featured_media":0,"parent":0,"menu_order":10,"comment_status":"closed","ping_status":"closed","template":"","meta":{"footnotes":""},"class_list":["post-7","page","type-page","status-publish","hentry"],"_links":{"self":[{"href":"https:\/\/gbs.komarch.sk\/index.php\/wp-json\/wp\/v2\/pages\/7","targetHints":{"allow":["GET"]}}],"collection":[{"href":"https:\/\/gbs.komarch.sk\/index.php\/wp-json\/wp\/v2\/pages"}],"about":[{"href":"https:\/\/gbs.komarch.sk\/index.php\/wp-json\/wp\/v2\/types\/page"}],"author":[{"embeddable":true,"href":"https:\/\/gbs.komarch.sk\/index.php\/wp-json\/wp\/v2\/users\/22"}],"replies":[{"embeddable":true,"href":"https:\/\/gbs.komarch.sk\/index.php\/wp-json\/wp\/v2\/comments?post=7"}],"version-history":[{"count":14,"href":"https:\/\/gbs.komarch.sk\/index.php\/wp-json\/wp\/v2\/pages\/7\/revisions"}],"predecessor-version":[{"id":207,"href":"https:\/\/gbs.komarch.sk\/index.php\/wp-json\/wp\/v2\/pages\/7\/revisions\/207"}],"wp:attachment":[{"href":"https:\/\/gbs.komarch.sk\/index.php\/wp-json\/wp\/v2\/media?parent=7"}],"curies":[{"name":"wp","href":"https:\/\/api.w.org\/{rel}","templated":true}]}}